{"id":201,"date":"2015-11-20T11:29:53","date_gmt":"2015-11-20T10:29:53","guid":{"rendered":"http:\/\/www.dresden-beratung.de\/?page_id=201"},"modified":"2019-01-16T11:46:39","modified_gmt":"2019-01-16T09:46:39","slug":"businesplan-erstellen-lassen","status":"publish","type":"page","link":"https:\/\/www.dresden-beratung.de\/en\/businesplan-erstellen-lassen\/","title":{"rendered":"Have Your Business Plan Created for You"},"content":{"rendered":"<h2><strong>Have your business plan created by a professional!<\/strong><\/h2>\n<p><strong>You want a professional business plan created or would like to develop your business concept with professional support?<\/strong><\/p>\n<p>A business plan is a detailed presentation of the business concept for your future start-up. Your business concept should be thoroughly thought out and developed with <strong>professional support or years of experience<\/strong> if possible.\u00c2\u00a0<a href=\"http:\/\/www.dresden-beratung.de\/5-grobe-fehler-bei-der-gewerbeanmeldung\/\">Avoid typical mistakes start-ups make<\/a> and plan your steps before you even register your business at the trade office. Your business plan will also help convince potential investors (banks, public subsidy offices) of your business\u00e2\u20ac\u2122s chances for success. But it is also a great help to you as a valuable map to steer your business toward success by keeping you aware of opportunities and risks.<\/p>\n<div id=\"attachment_1276\" style=\"width: 1034px\" class=\"wp-caption alignnone\"><a href=\"https:\/\/www.dresden-beratung.de\/wp-content\/uploads\/2015\/11\/Business-Plan-fu\u00cc\u02c6r-Visum.jpg\"><img loading=\"lazy\" decoding=\"async\" aria-describedby=\"caption-attachment-1276\" class=\"wp-image-1276 size-large\" src=\"https:\/\/www.dresden-beratung.de\/wp-content\/uploads\/2015\/11\/Business-Plan-fu\u00cc\u02c6r-Visum-1024x680.jpg\" alt=\"\" width=\"1024\" height=\"680\" \/><\/a><p id=\"caption-attachment-1276\" class=\"wp-caption-text\">Creating your business plan with professional support always pays off. For public offices, subsidies or banks.<\/p><\/div>\n<div id=\"attachment_1200\" style=\"width: 781px\" class=\"wp-caption alignnone\"><a href=\"http:\/\/www.dresden-beratung.de\/wp-content\/uploads\/2015\/11\/Gruppe-was-erkla\u00cc\u02c6ren.jpg\"><img loading=\"lazy\" decoding=\"async\" aria-describedby=\"caption-attachment-1200\" class=\"size-full wp-image-1200\" src=\"http:\/\/www.dresden-beratung.de\/wp-content\/uploads\/2015\/11\/Gruppe-was-erkla\u00cc\u02c6ren.jpg\" alt=\"\" width=\"771\" height=\"617\" \/><\/a><p id=\"caption-attachment-1200\" class=\"wp-caption-text\"><em>Complex issues must be laid out in simple terms. It is especially vital to break down the complexities of founding a business.<\/em><\/p><\/div>\n<p><strong>Buying or creating a free business plan online<\/strong> is often risky and rarely the sensible path. If you are becoming self-employed or launching your own business, you should proceed carefully and be prepared to invest both time and money. After all, your business plan itself is an investment in the future of your company. A business plan should always be created under the supervision of a trained professional. Everything else is often a waste of time. <a href=\"http:\/\/www.dresden-beratung.de\/deutschlandweite-staatlich-bezuschusste-existenzgruenderberatung\/\"><strong>My services are state-subsidized up to 100%<\/strong><\/a> which means you receive a quality business plan perfectly adapted to your concept.<\/p>\n<p>&nbsp;<\/p>\n<h3><strong>Advantages of a business plan<\/strong><\/h3>\n<ul>\n<li>Convince banks, subsidies or other sources of capital<\/li>\n<li>Gain partners, investors and other associates<\/li>\n<li>As a road map for your own management<\/li>\n<li>For public offices<\/li>\n<\/ul>\n<p>Working together with me and using your business idea as the focal point, we can develop in a very short time a concept that benefits from my expert knowledge and in-depth research beforehand. The many factors to take into consideration when assessing your business idea, the branch of industry and your business plan are often too complex for newcomers (market, product or service, competitors, location, opportunities for marketing and distribution, target group, price level, revenue potential, available subsidies and financing opportunities, suitable legal structure). The amount of effort and number of minefields along the way to developing a viable company or procuring financing, loans or subsidies scare of many potential founders and leave them searching for simple solutions.<\/p>\n<p>&nbsp;<\/p>\n<h3><strong>Creating your business plan with the support of a business consultant<\/strong><\/h3>\n<p>is not the quick and easy solution. It is thorough, intense work. But you can rest assured that your business is getting off to a good start. If you find yourself in court in a legal battle that may determine the rest of your future, wouldn\u00e2\u20ac\u2122t you retain the services of an expert attorney? As a business consultant, my services creating a business plan and supervising your start-up are similarly important. After all, your business will decide the success of your future. Without a good plan, your company\u00e2\u20ac\u2122s likelihood of survival will be left over to chance at best. Procuring viable funding for your business often depends on having a good business plan. And without money, you can kiss your business goodbye.<\/p>\n<p>An elaborate business plan is between 20 to 30 pages long and includes a finance plan in addition to a market assessment and your business concept. The finance plan, an extremely vital component, comprises:<strong>\u00c2\u00a0Investment plan, sales planning, profit and loss statement, liquidity forecast, calculation of fees and rates, personnel planning, costs projection, planned balance sheet, investment and financing plan, ratio analysis.<\/strong><\/p>\n<p>&nbsp;<\/p>\n<h3><strong>Factors of success of a professional business plan<\/strong><\/h3>\n<p>You can\u00e2\u20ac\u2122t get a successful business plan from an online generator! A convincing business plan won\u00e2\u20ac\u2122t be drafted by a business student friend of yours. A business plan that convinces a bank to grant a loan or an investor to invest capital is neither fast nor cheap \u00e2\u20ac\u201c unless you take advantage of the many subsidies available of course! A business plan should be created together with a business consultant. And this business consultant should boast the appropriate <a href=\"http:\/\/www.dresden-beratung.de\/toni-grossmann\/vita\/\">qualifications<\/a>! A good business plan is about 30 pages long and contains calculations that will convince banks and public offices of the plausibility of your business. And it is written in the language of business, which is an art form unto itself.<\/p>\n<p>&nbsp;<\/p>\n<h3><strong>Contact a specialized business consultant<\/strong><\/h3>\n<p><strong>If you want to know more, please don\u00e2\u20ac\u2122t hesitate to get in touch with me at <\/strong><a href=\"mailto:info@dresden-beratung.de\"><strong>info@dresden-beratung.de<\/strong><\/a><strong> or +49 351 \/ 41 886 876.\u00c2\u00a0<\/strong>An initial phone call is always free of charge.<\/p>\n<p>Use the contact form to get in touch or just give me a call and we can arrange an appointment within 5 business days for an initial talk.<\/p>\n<p>There are also several <a href=\"http:\/\/www.dresden-beratung.de\/beratungsfoerderung-in-sachsen\/\">subsidy programs for business consulting<\/a> that cover the costs of business concept consulting with between 80% to 100% in state funding!\u00c2\u00a0<strong>As a start-up, you can receive consulting services worth 8,000 euro for the meager price of 800!<\/strong>\u00c2\u00a0In addition to creating a business plan, you can have your entire marketing strategy or bank financing including applications for loans done for you by a specialized business consultant!<\/p>\n<div id=\"attachment_1196\" style=\"width: 1034px\" class=\"wp-caption alignnone\"><a href=\"http:\/\/www.dresden-beratung.de\/wp-content\/uploads\/2016\/06\/ArbeitenmitLeitwerk.jpg\"><img loading=\"lazy\" decoding=\"async\" aria-describedby=\"caption-attachment-1196\" class=\"wp-image-1196 size-large\" src=\"http:\/\/www.dresden-beratung.de\/wp-content\/uploads\/2016\/06\/ArbeitenmitLeitwerk-1024x680.jpg\" alt=\"\" width=\"1024\" height=\"680\" srcset=\"https:\/\/www.dresden-beratung.de\/wp-content\/uploads\/2016\/06\/ArbeitenmitLeitwerk-1024x680.jpg 1024w, https:\/\/www.dresden-beratung.de\/wp-content\/uploads\/2016\/06\/ArbeitenmitLeitwerk-300x199.jpg 300w, https:\/\/www.dresden-beratung.de\/wp-content\/uploads\/2016\/06\/ArbeitenmitLeitwerk-768x510.jpg 768w, https:\/\/www.dresden-beratung.de\/wp-content\/uploads\/2016\/06\/ArbeitenmitLeitwerk.jpg 1072w\" sizes=\"auto, (max-width: 1024px) 100vw, 1024px\" \/><\/a><p id=\"caption-attachment-1196\" class=\"wp-caption-text\">Together with you, our team of competent business consultants will create your business plan, finance strategy or a promising marketing concept.<\/p><\/div>","protected":false},"excerpt":{"rendered":"<p>Have your business plan created by a professional! You want a professional business plan created or would like to develop your business concept with professional support? A business plan is a detailed presentation of the business concept for your future [&hellip;]<\/p>\n","protected":false},"author":3,"featured_media":1207,"parent":0,"menu_order":0,"comment_status":"closed","ping_status":"closed","template":"","meta":{"footnotes":""},"class_list":["post-201","page","type-page","status-publish","has-post-thumbnail","hentry"],"yoast_head":"<!-- This site is optimized with the Yoast SEO plugin v26.9 - https:\/\/yoast.com\/product\/yoast-seo-wordpress\/ -->\n<title>(Deutsch) Businessplan erstellen lassen? Hier bekommen Sie Hilfe!<\/title>\n<meta name=\"description\" content=\"Erstellen eines Businessplans mit professioneller Hilfe eines Unternehmensberaters. Toni Gro\u00c3\u0178mann - beratender Betriebswirt aus Dresden\" \/>\n<meta name=\"robots\" content=\"index, follow, max-snippet:-1, max-image-preview:large, max-video-preview:-1\" \/>\n<link rel=\"canonical\" href=\"https:\/\/www.dresden-beratung.de\/businesplan-erstellen-lassen\/\" \/>\n<meta property=\"og:locale\" content=\"en_US\" \/>\n<meta property=\"og:type\" content=\"article\" \/>\n<meta property=\"og:title\" content=\"[:de]Businessplan erstellen lassen? Hier bekommen Sie Hilfe![:]\" \/>\n<meta property=\"og:description\" content=\"Erstellen eines Businessplan mit professioneller Hilfe eines Unternehmensberaters. \u00e2\u02dc\u017d 0351\/41886876 Lassen Sie sich staatlich gef\u00c3\u00b6rdert vom Profi beraten.\" \/>\n<meta property=\"og:url\" content=\"https:\/\/www.dresden-beratung.de\/businesplan-erstellen-lassen\/\" \/>\n<meta property=\"og:site_name\" content=\"Toni Gro\u00dfmann\" \/>\n<meta property=\"article:publisher\" content=\"https:\/\/de-de.facebook.com\/help4startups\" \/>\n<meta property=\"article:modified_time\" content=\"2019-01-16T09:46:39+00:00\" \/>\n<meta property=\"og:image\" content=\"https:\/\/www.dresden-beratung.de\/wp-content\/uploads\/2016\/06\/Spa\u00c3\u0178mitXinyu.jpg\" \/>\n\t<meta property=\"og:image:width\" content=\"1\" \/>\n\t<meta property=\"og:image:height\" content=\"1\" \/>\n\t<meta property=\"og:image:type\" content=\"image\/jpeg\" \/>\n<meta name=\"twitter:card\" content=\"summary_large_image\" \/>\n<meta name=\"twitter:site\" content=\"@sdtogros\" \/>\n<meta name=\"twitter:label1\" content=\"Est. reading time\" \/>\n\t<meta name=\"twitter:data1\" content=\"9 minutes\" \/>\n<script type=\"application\/ld+json\" class=\"yoast-schema-graph\">{\"@context\":\"https:\/\/schema.org\",\"@graph\":[{\"@type\":\"WebPage\",\"@id\":\"https:\/\/www.dresden-beratung.de\/businesplan-erstellen-lassen\/\",\"url\":\"https:\/\/www.dresden-beratung.de\/businesplan-erstellen-lassen\/\",\"name\":\"[:de]Businessplan erstellen lassen? Hier bekommen Sie Hilfe![:]\",\"isPartOf\":{\"@id\":\"https:\/\/www.dresden-beratung.de\/#website\"},\"primaryImageOfPage\":{\"@id\":\"https:\/\/www.dresden-beratung.de\/businesplan-erstellen-lassen\/#primaryimage\"},\"image\":{\"@id\":\"https:\/\/www.dresden-beratung.de\/businesplan-erstellen-lassen\/#primaryimage\"},\"thumbnailUrl\":\"https:\/\/www.dresden-beratung.de\/wp-content\/uploads\/2016\/06\/Spa\u00c3\u0178mitXinyu.jpg\",\"datePublished\":\"2015-11-20T10:29:53+00:00\",\"dateModified\":\"2019-01-16T09:46:39+00:00\",\"description\":\"{:de}Erstellen eines Businessplan mit professioneller Hilfe eines Unternehmensberaters. \u00e2\u02dc\u017d 0351\/41886876 Lassen Sie sich staatlich gef\u00c3\u00b6rdert vom Profi beraten.{:en}Erstellen eines Businessplans mit professioneller Hilfe eines Unternehmensberaters. Toni Gro\u00c3\u0178mann - beratender Betriebswirt aus Dresden{:zh}Erstellen eines Businessplans mit professioneller Hilfe eines Unternehmensberaters. Toni Gro\u00c3\u0178mann - beratender Betriebswirt aus Dresden{:}\",\"breadcrumb\":{\"@id\":\"https:\/\/www.dresden-beratung.de\/businesplan-erstellen-lassen\/#breadcrumb\"},\"inLanguage\":\"en-US\",\"potentialAction\":[{\"@type\":\"ReadAction\",\"target\":[\"https:\/\/www.dresden-beratung.de\/businesplan-erstellen-lassen\/\"]}]},{\"@type\":\"ImageObject\",\"inLanguage\":\"en-US\",\"@id\":\"https:\/\/www.dresden-beratung.de\/businesplan-erstellen-lassen\/#primaryimage\",\"url\":\"https:\/\/www.dresden-beratung.de\/wp-content\/uploads\/2016\/06\/Spa\u00c3\u0178mitXinyu.jpg\",\"contentUrl\":\"https:\/\/www.dresden-beratung.de\/wp-content\/uploads\/2016\/06\/Spa\u00c3\u0178mitXinyu.jpg\",\"caption\":\"Existenzgr\u00c3\u00bcndung, Selbstst\u00c3\u00a4ndigkeit und Unternehmensgr\u00c3\u00bcndung: Gemeinsam schaffen wir das!\"},{\"@type\":\"BreadcrumbList\",\"@id\":\"https:\/\/www.dresden-beratung.de\/businesplan-erstellen-lassen\/#breadcrumb\",\"itemListElement\":[{\"@type\":\"ListItem\",\"position\":1,\"name\":\"Startseite\",\"item\":\"https:\/\/www.dresden-beratung.de\/\"},{\"@type\":\"ListItem\",\"position\":2,\"name\":\"Businessplan erstellen lassen\"}]},{\"@type\":\"WebSite\",\"@id\":\"https:\/\/www.dresden-beratung.de\/#website\",\"url\":\"https:\/\/www.dresden-beratung.de\/\",\"name\":\"Toni Gro\u00dfmann\",\"description\":\"Existenzgr\u00fcndungsberatung\",\"potentialAction\":[{\"@type\":\"SearchAction\",\"target\":{\"@type\":\"EntryPoint\",\"urlTemplate\":\"https:\/\/www.dresden-beratung.de\/?s={search_term_string}\"},\"query-input\":{\"@type\":\"PropertyValueSpecification\",\"valueRequired\":true,\"valueName\":\"search_term_string\"}}],\"inLanguage\":\"en-US\"}]}<\/script>\n<!-- \/ Yoast SEO plugin. -->","yoast_head_json":{"title":"(Deutsch) Businessplan erstellen lassen? Hier bekommen Sie Hilfe!","description":"Erstellen eines Businessplans mit professioneller Hilfe eines Unternehmensberaters. Toni Gro\u00c3\u0178mann - beratender Betriebswirt aus Dresden","robots":{"index":"index","follow":"follow","max-snippet":"max-snippet:-1","max-image-preview":"max-image-preview:large","max-video-preview":"max-video-preview:-1"},"canonical":"https:\/\/www.dresden-beratung.de\/businesplan-erstellen-lassen\/","og_locale":"en_US","og_type":"article","og_title":"[:de]Businessplan erstellen lassen? Hier bekommen Sie Hilfe![:]","og_description":"Erstellen eines Businessplan mit professioneller Hilfe eines Unternehmensberaters. \u00e2\u02dc\u017d 0351\/41886876 Lassen Sie sich staatlich gef\u00c3\u00b6rdert vom Profi beraten.","og_url":"https:\/\/www.dresden-beratung.de\/businesplan-erstellen-lassen\/","og_site_name":"Toni Gro\u00dfmann","article_publisher":"https:\/\/de-de.facebook.com\/help4startups","article_modified_time":"2019-01-16T09:46:39+00:00","og_image":[{"url":"https:\/\/www.dresden-beratung.de\/wp-content\/uploads\/2016\/06\/Spa\u00c3\u0178mitXinyu.jpg","width":1,"height":1,"type":"image\/jpeg"}],"twitter_card":"summary_large_image","twitter_site":"@sdtogros","twitter_misc":{"Est. reading time":"9 minutes"},"schema":{"@context":"https:\/\/schema.org","@graph":[{"@type":"WebPage","@id":"https:\/\/www.dresden-beratung.de\/businesplan-erstellen-lassen\/","url":"https:\/\/www.dresden-beratung.de\/businesplan-erstellen-lassen\/","name":"[:de]Businessplan erstellen lassen? Hier bekommen Sie Hilfe![:]","isPartOf":{"@id":"https:\/\/www.dresden-beratung.de\/#website"},"primaryImageOfPage":{"@id":"https:\/\/www.dresden-beratung.de\/businesplan-erstellen-lassen\/#primaryimage"},"image":{"@id":"https:\/\/www.dresden-beratung.de\/businesplan-erstellen-lassen\/#primaryimage"},"thumbnailUrl":"https:\/\/www.dresden-beratung.de\/wp-content\/uploads\/2016\/06\/Spa\u00c3\u0178mitXinyu.jpg","datePublished":"2015-11-20T10:29:53+00:00","dateModified":"2019-01-16T09:46:39+00:00","description":"{:de}Erstellen eines Businessplan mit professioneller Hilfe eines Unternehmensberaters. \u00e2\u02dc\u017d 0351\/41886876 Lassen Sie sich staatlich gef\u00c3\u00b6rdert vom Profi beraten.{:en}Erstellen eines Businessplans mit professioneller Hilfe eines Unternehmensberaters. Toni Gro\u00c3\u0178mann - beratender Betriebswirt aus Dresden{:zh}Erstellen eines Businessplans mit professioneller Hilfe eines Unternehmensberaters. Toni Gro\u00c3\u0178mann - beratender Betriebswirt aus Dresden{:}","breadcrumb":{"@id":"https:\/\/www.dresden-beratung.de\/businesplan-erstellen-lassen\/#breadcrumb"},"inLanguage":"en-US","potentialAction":[{"@type":"ReadAction","target":["https:\/\/www.dresden-beratung.de\/businesplan-erstellen-lassen\/"]}]},{"@type":"ImageObject","inLanguage":"en-US","@id":"https:\/\/www.dresden-beratung.de\/businesplan-erstellen-lassen\/#primaryimage","url":"https:\/\/www.dresden-beratung.de\/wp-content\/uploads\/2016\/06\/Spa\u00c3\u0178mitXinyu.jpg","contentUrl":"https:\/\/www.dresden-beratung.de\/wp-content\/uploads\/2016\/06\/Spa\u00c3\u0178mitXinyu.jpg","caption":"Existenzgr\u00c3\u00bcndung, Selbstst\u00c3\u00a4ndigkeit und Unternehmensgr\u00c3\u00bcndung: Gemeinsam schaffen wir das!"},{"@type":"BreadcrumbList","@id":"https:\/\/www.dresden-beratung.de\/businesplan-erstellen-lassen\/#breadcrumb","itemListElement":[{"@type":"ListItem","position":1,"name":"Startseite","item":"https:\/\/www.dresden-beratung.de\/"},{"@type":"ListItem","position":2,"name":"Businessplan erstellen lassen"}]},{"@type":"WebSite","@id":"https:\/\/www.dresden-beratung.de\/#website","url":"https:\/\/www.dresden-beratung.de\/","name":"Toni Gro\u00dfmann","description":"Existenzgr\u00fcndungsberatung","potentialAction":[{"@type":"SearchAction","target":{"@type":"EntryPoint","urlTemplate":"https:\/\/www.dresden-beratung.de\/?s={search_term_string}"},"query-input":{"@type":"PropertyValueSpecification","valueRequired":true,"valueName":"search_term_string"}}],"inLanguage":"en-US"}]}},"_links":{"self":[{"href":"https:\/\/www.dresden-beratung.de\/en\/wp-json\/wp\/v2\/pages\/201","targetHints":{"allow":["GET"]}}],"collection":[{"href":"https:\/\/www.dresden-beratung.de\/en\/wp-json\/wp\/v2\/pages"}],"about":[{"href":"https:\/\/www.dresden-beratung.de\/en\/wp-json\/wp\/v2\/types\/page"}],"author":[{"embeddable":true,"href":"https:\/\/www.dresden-beratung.de\/en\/wp-json\/wp\/v2\/users\/3"}],"replies":[{"embeddable":true,"href":"https:\/\/www.dresden-beratung.de\/en\/wp-json\/wp\/v2\/comments?post=201"}],"version-history":[{"count":36,"href":"https:\/\/www.dresden-beratung.de\/en\/wp-json\/wp\/v2\/pages\/201\/revisions"}],"predecessor-version":[{"id":1534,"href":"https:\/\/www.dresden-beratung.de\/en\/wp-json\/wp\/v2\/pages\/201\/revisions\/1534"}],"wp:featuredmedia":[{"embeddable":true,"href":"https:\/\/www.dresden-beratung.de\/en\/wp-json\/wp\/v2\/media\/1207"}],"wp:attachment":[{"href":"https:\/\/www.dresden-beratung.de\/en\/wp-json\/wp\/v2\/media?parent=201"}],"curies":[{"name":"wp","href":"https:\/\/api.w.org\/{rel}","templated":true}]}}