{"id":262,"date":"2016-01-26T12:48:03","date_gmt":"2016-01-26T11:48:03","guid":{"rendered":"http:\/\/www.dresden-beratung.de\/?page_id=262"},"modified":"2019-01-16T12:03:45","modified_gmt":"2019-01-16T10:03:45","slug":"unternehmensnachfolge","status":"publish","type":"page","link":"https:\/\/www.dresden-beratung.de\/en\/unternehmensnachfolge\/","title":{"rendered":"Business Succession"},"content":{"rendered":"<h2><strong>Business succession<\/strong><\/h2>\n<p>Each year, owners of profitable businesses grapple with the question of the succession of their companies. Often due to old age, but sometimes also following other lifestyle changes, today\u00e2\u20ac\u2122s employers have to confront business succession. There is no way around it. The first problem is often finding a suitable successor in the first place. If you\u00e2\u20ac\u2122re in this situation, you also have to determine how much your company is worth and figure out how the purchaser will pay.<br \/>\nWe want to provide you with a brief overview of your options and invite you to <a href=\"http:\/\/www.dresden-beratung.de\/kontakt\/\">contact us directly<\/a>. Our ongoing consultancy during your business succession is even a state-subsidized service \u00e2\u20ac\u201c and for good reason! Nothing is more important than ensuring the next generations of small to medium-sized enterprises (SMEs) in Germany.<\/p>\n<h2><strong>A\u00c2\u00a0successor<\/strong><\/h2>\n<p>The first challenge is of course finding a successor. You will first want to decide whether your company\u00e2\u20ac\u2122s successor will be someone from your family or business or an outside individual. In the first two cases, a good succession plan is essential to make sure things run smoothly, a process which should take between one and three years to complete. If you decide to sell your company to an external buyer (whether a private individual or a company), you will first need to verify the party\u00e2\u20ac\u2122s suitability as a successor as well as their solvency and of course their willingness.<\/p>\n<h2><strong>The purchase price<\/strong><\/h2>\n<p>Calculating the purchase price is an important factor not only for the finance authority and the bank, but of course also for you as the owner as it relates to your negotiating position vis-a-vis the potential successor. There are several different and in part <a href=\"http:\/\/www.bmwi-unternehmensportal.de\/DE\/Unternehmensnachfolge\/Unternehmensbewertung\/inhalt.html\">complex methods of valuation<\/a>, each of which comes with its own leeway. We can offer you valuable support to help ensure you\u00e2\u20ac\u2122re not ripped off when planning your business succession.<\/p>\n<p><strong>\u00c2\u00a0<\/strong><\/p>\n<p><a href=\"https:\/\/www.dresden-beratung.de\/wp-content\/uploads\/2016\/02\/schelmich.jpg\"><img loading=\"lazy\" decoding=\"async\" class=\"alignnone wp-image-1258 size-large\" src=\"https:\/\/www.dresden-beratung.de\/wp-content\/uploads\/2016\/02\/schelmich-680x1024.jpg\" alt=\"\" width=\"680\" height=\"1024\" srcset=\"https:\/\/www.dresden-beratung.de\/wp-content\/uploads\/2016\/02\/schelmich-680x1024.jpg 680w, https:\/\/www.dresden-beratung.de\/wp-content\/uploads\/2016\/02\/schelmich-199x300.jpg 199w, https:\/\/www.dresden-beratung.de\/wp-content\/uploads\/2016\/02\/schelmich.jpg 712w\" sizes=\"auto, (max-width: 680px) 100vw, 680px\" \/><\/a><\/p>\n<p><a href=\"http:\/\/www.dresden-beratung.de\/toni-grossmann\/\"><em>MBA &amp; Graduate Economist <strong>Toni Gro\u00c3\u0178mann<\/strong><\/em><\/a><\/p>\n<h2><strong>Business succession financing<\/strong><\/h2>\n<p>Once you\u00e2\u20ac\u2122ve decided who will take over your business, you now need to determine the financial how. Suitable successors often lack the capital and this can impede or even prevent succession. Payment by installments is not only risky, it also binds you to your company for years to come. With her decades worth of experience in the banking and financial sector, Ms. Lipp is able to help nearly every successor gain the necessary means to wrap up purchasing a new business. From day one, we offer our ongoing support to both successor and seller as they deal with their own banks or banks from our network.<\/p>\n<div id=\"attachment_1203\" style=\"width: 722px\" class=\"wp-caption alignnone\"><a href=\"https:\/\/www.dresden-beratung.de\/wp-content\/uploads\/2016\/06\/Anja.jpg\"><img loading=\"lazy\" decoding=\"async\" aria-describedby=\"caption-attachment-1203\" class=\"wp-image-1203 size-full\" src=\"https:\/\/www.dresden-beratung.de\/wp-content\/uploads\/2016\/06\/Anja.jpg\" alt=\"\" width=\"712\" height=\"1072\" srcset=\"https:\/\/www.dresden-beratung.de\/wp-content\/uploads\/2016\/06\/Anja.jpg 712w, https:\/\/www.dresden-beratung.de\/wp-content\/uploads\/2016\/06\/Anja-199x300.jpg 199w, https:\/\/www.dresden-beratung.de\/wp-content\/uploads\/2016\/06\/Anja-680x1024.jpg 680w\" sizes=\"auto, (max-width: 712px) 100vw, 712px\" \/><\/a><p id=\"caption-attachment-1203\" class=\"wp-caption-text\">Business Economist (VWA) Anja Lipp Certified Business Succession Consultant<\/p><\/div>\n<h2><strong>The process<\/strong><\/h2>\n<p>Besides finding a suitable successor, planning the adjustment and take-over, company valuation and securing financing, the process of business succession entails consulting qualified attorneys, tax consultants and auditors. You can rely on our network, which has grown organically over many years of cooperation.<\/p>\n<h2><strong>The handover<\/strong><\/h2>\n<p>On the day you officially hand over your business to your successor, it is our goal to ensure that you can close this chapter of your professional life in the confidence that your business, employees and customers are in good hands and that you received a fair price.\u00c2\u00a0 You needn\u00e2\u20ac\u2122t worry whether your successor will be solvent to pay later installments or you whether you will need to remain on call for business triage in the future.<\/p>\n<h2><strong>The aftermath<\/strong><\/h2>\n<p>We will continue to off our consultancy services to your former company. And if you wish, you can remain active as a consultant to your former company\u00e2\u20ac\u2122s new management and ownership. In this way, your former company can still benefit from your experience and know-how while you no longer occupy the position of responsibility that made it so hard for you to separate leisure and business, as is so often the case.<\/p>\n<p>And if you feel drawn to new entrepreneurial horizons, you already have, in us, <a href=\"http:\/\/www.dresden-beratung.de\/gruenderberatung-dresden\/\">the perfect companion to start a new business<\/a> at your side.<\/p>\n<p><strong>\u00c2\u00a0<\/strong><\/p>\n<div id=\"attachment_1196\" style=\"width: 1082px\" class=\"wp-caption alignnone\"><a href=\"https:\/\/www.dresden-beratung.de\/wp-content\/uploads\/2016\/06\/ArbeitenmitLeitwerk.jpg\"><img loading=\"lazy\" decoding=\"async\" aria-describedby=\"caption-attachment-1196\" class=\"wp-image-1196 size-full\" src=\"https:\/\/www.dresden-beratung.de\/wp-content\/uploads\/2016\/06\/ArbeitenmitLeitwerk.jpg\" alt=\"\" width=\"1072\" height=\"712\" srcset=\"https:\/\/www.dresden-beratung.de\/wp-content\/uploads\/2016\/06\/ArbeitenmitLeitwerk.jpg 1072w, https:\/\/www.dresden-beratung.de\/wp-content\/uploads\/2016\/06\/ArbeitenmitLeitwerk-300x199.jpg 300w, https:\/\/www.dresden-beratung.de\/wp-content\/uploads\/2016\/06\/ArbeitenmitLeitwerk-768x510.jpg 768w, https:\/\/www.dresden-beratung.de\/wp-content\/uploads\/2016\/06\/ArbeitenmitLeitwerk-1024x680.jpg 1024w\" sizes=\"auto, (max-width: 1072px) 100vw, 1072px\" \/><\/a><p id=\"caption-attachment-1196\" class=\"wp-caption-text\">Our team of business consultants will make and implement a detailed succession plan in close cooperation with you.<\/p><\/div>","protected":false},"excerpt":{"rendered":"<p>Business succession Each year, owners of profitable businesses grapple with the question of the succession of their companies. Often due to old age, but sometimes also following other lifestyle changes, today\u00e2\u20ac\u2122s employers have to confront business succession. There is no [&hellip;]<\/p>\n","protected":false},"author":3,"featured_media":0,"parent":0,"menu_order":0,"comment_status":"closed","ping_status":"closed","template":"","meta":{"footnotes":""},"class_list":["post-262","page","type-page","status-publish","hentry"],"yoast_head":"<!-- This site is optimized with the Yoast SEO plugin v26.9 - https:\/\/yoast.com\/product\/yoast-seo-wordpress\/ -->\n<title>Business Succession | Toni Gro\u00dfmann<\/title>\n<meta name=\"description\" content=\"Unternehmensnachfolge rechtzeitig professionell organisieren lassen. Richtiger K\u00c3\u00a4ufe, richtiger Preis, richtiger Zeitpunkt.\" \/>\n<meta name=\"robots\" content=\"index, follow, max-snippet:-1, max-image-preview:large, max-video-preview:-1\" \/>\n<link rel=\"canonical\" href=\"https:\/\/www.dresden-beratung.de\/en\/unternehmensnachfolge\/\" \/>\n<meta property=\"og:locale\" content=\"en_US\" \/>\n<meta property=\"og:type\" content=\"article\" \/>\n<meta property=\"og:title\" content=\"Business Succession | Toni Gro\u00dfmann\" \/>\n<meta property=\"og:description\" content=\"Unternehmensnachfolge rechtzeitig professionell organisieren lassen. Richtiger K\u00c3\u00a4ufe, richtiger Preis, richtiger Zeitpunkt. \u00e2\u017e\u0153 Mehr unter \u00e2\u02dc\u017d 0351\/41886876\" \/>\n<meta property=\"og:url\" content=\"https:\/\/www.dresden-beratung.de\/en\/unternehmensnachfolge\/\" \/>\n<meta property=\"og:site_name\" content=\"Toni Gro\u00dfmann\" \/>\n<meta property=\"article:publisher\" content=\"https:\/\/de-de.facebook.com\/help4startups\" \/>\n<meta property=\"article:modified_time\" content=\"2019-01-16T10:03:45+00:00\" \/>\n<meta property=\"og:image\" content=\"https:\/\/www.dresden-beratung.de\/wp-content\/uploads\/2015\/01\/profil.jpg\" \/>\n\t<meta property=\"og:image:width\" content=\"439\" \/>\n\t<meta property=\"og:image:height\" content=\"306\" \/>\n\t<meta property=\"og:image:type\" content=\"image\/jpeg\" \/>\n<meta name=\"twitter:card\" content=\"summary_large_image\" \/>\n<meta name=\"twitter:site\" content=\"@sdtogros\" \/>\n<meta name=\"twitter:label1\" content=\"Est. reading time\" \/>\n\t<meta name=\"twitter:data1\" content=\"7 minutes\" \/>\n<script type=\"application\/ld+json\" class=\"yoast-schema-graph\">{\"@context\":\"https:\/\/schema.org\",\"@graph\":[{\"@type\":\"WebPage\",\"@id\":\"https:\/\/www.dresden-beratung.de\/en\/unternehmensnachfolge\/\",\"url\":\"https:\/\/www.dresden-beratung.de\/en\/unternehmensnachfolge\/\",\"name\":\"Business Succession | Toni Gro\u00dfmann\",\"isPartOf\":{\"@id\":\"https:\/\/www.dresden-beratung.de\/#website\"},\"primaryImageOfPage\":{\"@id\":\"https:\/\/www.dresden-beratung.de\/en\/unternehmensnachfolge\/#primaryimage\"},\"image\":{\"@id\":\"https:\/\/www.dresden-beratung.de\/en\/unternehmensnachfolge\/#primaryimage\"},\"thumbnailUrl\":\"http:\/\/www.dresden-beratung.de\/wp-content\/uploads\/2015\/01\/profil-300x209.jpg\",\"datePublished\":\"2016-01-26T11:48:03+00:00\",\"dateModified\":\"2019-01-16T10:03:45+00:00\",\"description\":\"Unternehmensnachfolge rechtzeitig professionell organisieren lassen. Richtiger K\u00c3\u00a4ufe, richtiger Preis, richtiger Zeitpunkt.\",\"breadcrumb\":{\"@id\":\"https:\/\/www.dresden-beratung.de\/en\/unternehmensnachfolge\/#breadcrumb\"},\"inLanguage\":\"en-US\",\"potentialAction\":[{\"@type\":\"ReadAction\",\"target\":[\"https:\/\/www.dresden-beratung.de\/en\/unternehmensnachfolge\/\"]}]},{\"@type\":\"ImageObject\",\"inLanguage\":\"en-US\",\"@id\":\"https:\/\/www.dresden-beratung.de\/en\/unternehmensnachfolge\/#primaryimage\",\"url\":\"http:\/\/www.dresden-beratung.de\/wp-content\/uploads\/2015\/01\/profil-300x209.jpg\",\"contentUrl\":\"http:\/\/www.dresden-beratung.de\/wp-content\/uploads\/2015\/01\/profil-300x209.jpg\"},{\"@type\":\"BreadcrumbList\",\"@id\":\"https:\/\/www.dresden-beratung.de\/en\/unternehmensnachfolge\/#breadcrumb\",\"itemListElement\":[{\"@type\":\"ListItem\",\"position\":1,\"name\":\"Startseite\",\"item\":\"https:\/\/www.dresden-beratung.de\/\"},{\"@type\":\"ListItem\",\"position\":2,\"name\":\"Business Succession\"}]},{\"@type\":\"WebSite\",\"@id\":\"https:\/\/www.dresden-beratung.de\/#website\",\"url\":\"https:\/\/www.dresden-beratung.de\/\",\"name\":\"Toni Gro\u00dfmann\",\"description\":\"Existenzgr\u00fcndungsberatung\",\"potentialAction\":[{\"@type\":\"SearchAction\",\"target\":{\"@type\":\"EntryPoint\",\"urlTemplate\":\"https:\/\/www.dresden-beratung.de\/?s={search_term_string}\"},\"query-input\":{\"@type\":\"PropertyValueSpecification\",\"valueRequired\":true,\"valueName\":\"search_term_string\"}}],\"inLanguage\":\"en-US\"}]}<\/script>\n<!-- \/ Yoast SEO plugin. -->","yoast_head_json":{"title":"Business Succession | Toni Gro\u00dfmann","description":"Unternehmensnachfolge rechtzeitig professionell organisieren lassen. Richtiger K\u00c3\u00a4ufe, richtiger Preis, richtiger Zeitpunkt.","robots":{"index":"index","follow":"follow","max-snippet":"max-snippet:-1","max-image-preview":"max-image-preview:large","max-video-preview":"max-video-preview:-1"},"canonical":"https:\/\/www.dresden-beratung.de\/en\/unternehmensnachfolge\/","og_locale":"en_US","og_type":"article","og_title":"Business Succession | Toni Gro\u00dfmann","og_description":"Unternehmensnachfolge rechtzeitig professionell organisieren lassen. Richtiger K\u00c3\u00a4ufe, richtiger Preis, richtiger Zeitpunkt. \u00e2\u017e\u0153 Mehr unter \u00e2\u02dc\u017d 0351\/41886876","og_url":"https:\/\/www.dresden-beratung.de\/en\/unternehmensnachfolge\/","og_site_name":"Toni Gro\u00dfmann","article_publisher":"https:\/\/de-de.facebook.com\/help4startups","article_modified_time":"2019-01-16T10:03:45+00:00","og_image":[{"width":439,"height":306,"url":"https:\/\/www.dresden-beratung.de\/wp-content\/uploads\/2015\/01\/profil.jpg","type":"image\/jpeg"}],"twitter_card":"summary_large_image","twitter_site":"@sdtogros","twitter_misc":{"Est. reading time":"7 minutes"},"schema":{"@context":"https:\/\/schema.org","@graph":[{"@type":"WebPage","@id":"https:\/\/www.dresden-beratung.de\/en\/unternehmensnachfolge\/","url":"https:\/\/www.dresden-beratung.de\/en\/unternehmensnachfolge\/","name":"Business Succession | Toni Gro\u00dfmann","isPartOf":{"@id":"https:\/\/www.dresden-beratung.de\/#website"},"primaryImageOfPage":{"@id":"https:\/\/www.dresden-beratung.de\/en\/unternehmensnachfolge\/#primaryimage"},"image":{"@id":"https:\/\/www.dresden-beratung.de\/en\/unternehmensnachfolge\/#primaryimage"},"thumbnailUrl":"http:\/\/www.dresden-beratung.de\/wp-content\/uploads\/2015\/01\/profil-300x209.jpg","datePublished":"2016-01-26T11:48:03+00:00","dateModified":"2019-01-16T10:03:45+00:00","description":"Unternehmensnachfolge rechtzeitig professionell organisieren lassen. Richtiger K\u00c3\u00a4ufe, richtiger Preis, richtiger Zeitpunkt.","breadcrumb":{"@id":"https:\/\/www.dresden-beratung.de\/en\/unternehmensnachfolge\/#breadcrumb"},"inLanguage":"en-US","potentialAction":[{"@type":"ReadAction","target":["https:\/\/www.dresden-beratung.de\/en\/unternehmensnachfolge\/"]}]},{"@type":"ImageObject","inLanguage":"en-US","@id":"https:\/\/www.dresden-beratung.de\/en\/unternehmensnachfolge\/#primaryimage","url":"http:\/\/www.dresden-beratung.de\/wp-content\/uploads\/2015\/01\/profil-300x209.jpg","contentUrl":"http:\/\/www.dresden-beratung.de\/wp-content\/uploads\/2015\/01\/profil-300x209.jpg"},{"@type":"BreadcrumbList","@id":"https:\/\/www.dresden-beratung.de\/en\/unternehmensnachfolge\/#breadcrumb","itemListElement":[{"@type":"ListItem","position":1,"name":"Startseite","item":"https:\/\/www.dresden-beratung.de\/"},{"@type":"ListItem","position":2,"name":"Business Succession"}]},{"@type":"WebSite","@id":"https:\/\/www.dresden-beratung.de\/#website","url":"https:\/\/www.dresden-beratung.de\/","name":"Toni Gro\u00dfmann","description":"Existenzgr\u00fcndungsberatung","potentialAction":[{"@type":"SearchAction","target":{"@type":"EntryPoint","urlTemplate":"https:\/\/www.dresden-beratung.de\/?s={search_term_string}"},"query-input":{"@type":"PropertyValueSpecification","valueRequired":true,"valueName":"search_term_string"}}],"inLanguage":"en-US"}]}},"_links":{"self":[{"href":"https:\/\/www.dresden-beratung.de\/en\/wp-json\/wp\/v2\/pages\/262","targetHints":{"allow":["GET"]}}],"collection":[{"href":"https:\/\/www.dresden-beratung.de\/en\/wp-json\/wp\/v2\/pages"}],"about":[{"href":"https:\/\/www.dresden-beratung.de\/en\/wp-json\/wp\/v2\/types\/page"}],"author":[{"embeddable":true,"href":"https:\/\/www.dresden-beratung.de\/en\/wp-json\/wp\/v2\/users\/3"}],"replies":[{"embeddable":true,"href":"https:\/\/www.dresden-beratung.de\/en\/wp-json\/wp\/v2\/comments?post=262"}],"version-history":[{"count":11,"href":"https:\/\/www.dresden-beratung.de\/en\/wp-json\/wp\/v2\/pages\/262\/revisions"}],"predecessor-version":[{"id":1540,"href":"https:\/\/www.dresden-beratung.de\/en\/wp-json\/wp\/v2\/pages\/262\/revisions\/1540"}],"wp:attachment":[{"href":"https:\/\/www.dresden-beratung.de\/en\/wp-json\/wp\/v2\/media?parent=262"}],"curies":[{"name":"wp","href":"https:\/\/api.w.org\/{rel}","templated":true}]}}