{"id":433,"date":"2016-06-20T15:04:08","date_gmt":"2016-06-20T13:04:08","guid":{"rendered":"http:\/\/www.dresden-beratung.de\/?page_id=433"},"modified":"2026-02-03T12:57:01","modified_gmt":"2026-02-03T10:57:01","slug":"toni-grossmann","status":"publish","type":"page","link":"https:\/\/www.dresden-beratung.de\/en\/toni-grossmann\/","title":{"rendered":"About me"},"content":{"rendered":"<strong>Your business consultant<\/strong><\/p>\n<h2><strong>Toni Gro\u00c3\u0178mann, MBA &amp; Graduate Economist<\/strong><\/h2>\n<div id=\"attachment_1274\" style=\"width: 945px\" class=\"wp-caption alignnone\"><a href=\"https:\/\/www.dresden-beratung.de\/wp-content\/uploads\/2016\/06\/Unternehmensberatung-Dresden.jpg\"><img loading=\"lazy\" decoding=\"async\" aria-describedby=\"caption-attachment-1274\" class=\"wp-image-1274 size-full\" src=\"https:\/\/www.dresden-beratung.de\/wp-content\/uploads\/2016\/06\/Unternehmensberatung-Dresden.jpg\" alt=\"\" width=\"935\" height=\"621\" srcset=\"https:\/\/www.dresden-beratung.de\/wp-content\/uploads\/2016\/06\/Unternehmensberatung-Dresden.jpg 935w, https:\/\/www.dresden-beratung.de\/wp-content\/uploads\/2016\/06\/Unternehmensberatung-Dresden-300x199.jpg 300w, https:\/\/www.dresden-beratung.de\/wp-content\/uploads\/2016\/06\/Unternehmensberatung-Dresden-768x510.jpg 768w\" sizes=\"auto, (max-width: 935px) 100vw, 935px\" \/><\/a><p id=\"caption-attachment-1274\" class=\"wp-caption-text\">MBA &amp; Graduate Economist Toni Gro\u00c3\u0178mann offers assistance for start-ups.<\/p><\/div>\n<p><strong>\u00c2\u00a0<\/strong><\/p>\n<h2>Dear site visitors, dear previous and future clients.<\/h2>\n<p>&nbsp;<\/p>\n<h3>This page offers a little insight into my personal and professional history so you can get to know me better.<\/h3>\n<h3>I would be delighted to one day add you to my list of satisfied clients.<\/h3>\n<p>&nbsp;<\/p>\n<p>Yours sincerely,<\/p>\n<p><a href=\"https:\/\/www.xing.com\/profile\/Toni_Grossmann4\">Toni Gro\u00c3\u0178mann<\/a><\/p>\n<h3><strong>Education<\/strong><\/h3>\n<p>My academic education comprises the following degrees:<\/p>\n<ul>\n<li><strong>Graduate Economist <\/strong><a href=\"https:\/\/www.msm.uni-due.de\/\"><strong>Mercador School of Management<\/strong><\/a><strong>, University of Duisburg-Essen, 2014<\/strong><strong>\u00c2\u00a0<\/strong><\/li>\n<\/ul>\n<div id=\"attachment_1119\" style=\"width: 220px\" class=\"wp-caption alignnone\"><a href=\"https:\/\/www.dresden-beratung.de\/wp-content\/uploads\/2016\/06\/Diplom.jpg\"><img loading=\"lazy\" decoding=\"async\" aria-describedby=\"caption-attachment-1119\" class=\"wp-image-1119 size-medium\" src=\"https:\/\/www.dresden-beratung.de\/wp-content\/uploads\/2016\/06\/Diplom-210x300.jpg\" alt=\"\" width=\"210\" height=\"300\" srcset=\"https:\/\/www.dresden-beratung.de\/wp-content\/uploads\/2016\/06\/Diplom-210x300.jpg 210w, https:\/\/www.dresden-beratung.de\/wp-content\/uploads\/2016\/06\/Diplom-768x1096.jpg 768w, https:\/\/www.dresden-beratung.de\/wp-content\/uploads\/2016\/06\/Diplom-718x1024.jpg 718w\" sizes=\"auto, (max-width: 210px) 100vw, 210px\" \/><\/a><p id=\"caption-attachment-1119\" class=\"wp-caption-text\">Graduate Economist (combined degree of business administration and economics)<\/p><\/div>\n<ul>\n<li><strong>Master of Business Administration, <\/strong><a href=\"http:\/\/www.astate.edu\/college\/business\/\"><strong>Arkansas State University<\/strong><\/a><strong>, Jonesboro, USA, 2011<\/strong><\/li>\n<\/ul>\n<p><strong>\u00c2\u00a0<\/strong><\/p>\n<div id=\"attachment_1120\" style=\"width: 310px\" class=\"wp-caption alignnone\"><a href=\"https:\/\/www.dresden-beratung.de\/wp-content\/uploads\/2016\/06\/MBA.jpg\"><img loading=\"lazy\" decoding=\"async\" aria-describedby=\"caption-attachment-1120\" class=\"wp-image-1120 size-medium\" src=\"https:\/\/www.dresden-beratung.de\/wp-content\/uploads\/2016\/06\/MBA-300x219.jpg\" alt=\"\" width=\"300\" height=\"219\" srcset=\"https:\/\/www.dresden-beratung.de\/wp-content\/uploads\/2016\/06\/MBA-300x219.jpg 300w, https:\/\/www.dresden-beratung.de\/wp-content\/uploads\/2016\/06\/MBA-768x560.jpg 768w, https:\/\/www.dresden-beratung.de\/wp-content\/uploads\/2016\/06\/MBA-1024x746.jpg 1024w, https:\/\/www.dresden-beratung.de\/wp-content\/uploads\/2016\/06\/MBA.jpg 1750w\" sizes=\"auto, (max-width: 300px) 100vw, 300px\" \/><\/a><p id=\"caption-attachment-1120\" class=\"wp-caption-text\">Master of Business Administration<\/p><\/div>\n<ul>\n<li>Additional certificate \u00e2\u20ac\u0153Small Business Management\u00e2\u20ac\u009d from the University of Duisburg-Essen<\/li>\n<\/ul>\n<p>&nbsp;<\/p>\n<h3><strong>References<\/strong><\/h3>\n<p>Satisfied customers (list from 2014)<\/p>\n<ul>\n<li><a href=\"http:\/\/www.moneyhouse.ch\/u\/lake_consulting_ag_CH-170.3.025.499-7.htm\">Lake Consulting AG<\/a>, Zug, Switzerland<\/li>\n<li><a href=\"http:\/\/http\/www.aui.org\/\">Abilities Unlimited<\/a>, Jonesboro, Arkansas, USA<\/li>\n<li><a href=\"http:\/\/www.leitwerk.pro\/\">Anja Lipp \u00e2\u20ac\u201c Leitwerk Unternehmensberatung<\/a>, Dresden, Germany<\/li>\n<li><a href=\"http:\/\/www.cogado.de\/\">Cogado UG (haftungsbeschr\u00c3\u00a4nkt) &amp; Co. KG<\/a>, Dresden, Germany<\/li>\n<li><a href=\"http:\/\/www.andrewasserberg.de\/\">Andr\u00c3\u00a9 Wa\u00c3\u0178erberg \u00e2\u20ac\u201c unabh\u00c3\u00a4ngiger Finanz- und Versicherungsmakler<\/a>, Dresden, Germany<\/li>\n<li><a href=\"http:\/\/www.agaadoo.de\/\">Agaadoo<\/a>, Dresden, Germany<\/li>\n<\/ul>\n<p>&nbsp;<\/p>\n<h3><strong>Additional involvement<\/strong><\/h3>\n<ul>\n<li>Chairman of the Chinese-European Trade Organisation eG<\/li>\n<li>Instructor at IHK-Bildungszentrum Dresden (vocational college)<\/li>\n<li>Tutor of maths\/economics\/business administration<\/li>\n<li>Chairman of the Jugendf\u00c3\u00b6rderverein wirtschaftliche Kompetenzentwicklung e.V. (youths\u00e2\u20ac&#x2122; association for the development of economic competence)<\/li>\n<\/ul>\n<p>&nbsp;<\/p>\n<h3><strong>Short introduction video (Jan 30, 2017)<\/strong><\/h3>","protected":false},"excerpt":{"rendered":"<p>Your business consultant Toni Gro\u00c3\u0178mann, MBA &amp; Graduate Economist \u00c2\u00a0 Dear site visitors, dear previous and future clients. &nbsp; This page offers a little insight into my personal and professional history so you can get to know me better. I [&hellip;]<\/p>\n","protected":false},"author":3,"featured_media":0,"parent":0,"menu_order":0,"comment_status":"closed","ping_status":"closed","template":"","meta":{"footnotes":""},"class_list":["post-433","page","type-page","status-publish","hentry"],"yoast_head":"<!-- This site is optimized with the Yoast SEO plugin v26.9 - https:\/\/yoast.com\/product\/yoast-seo-wordpress\/ -->\n<title>About me | Toni Gro\u00dfmann<\/title>\n<meta name=\"description\" content=\"(Deutsch) MBA &amp; Dipl.-\u00c3\u2013kon. Toni Gro\u00c3\u0178mann - Unternehmensberater und Existenzgr\u00c3\u00bcnderberatung in und aus Dresden. \u00e2\u02dc\u017d 0351 - 41886876\" \/>\n<meta name=\"robots\" content=\"index, follow, max-snippet:-1, max-image-preview:large, max-video-preview:-1\" \/>\n<link rel=\"canonical\" href=\"https:\/\/www.dresden-beratung.de\/toni-grossmann\/\" \/>\n<meta property=\"og:locale\" content=\"en_US\" \/>\n<meta property=\"og:type\" content=\"article\" \/>\n<meta property=\"og:title\" content=\"About me | Toni Gro\u00dfmann\" \/>\n<meta property=\"og:description\" content=\"{:de}MBA &amp; Dipl.-\u00c3\u2013kon. Toni Gro\u00c3\u0178mann - Unternehmensberater und Existenzgr\u00c3\u00bcnderberatung in und aus Dresden. \u00e2\u02dc\u017d 0351 - 41886876{:}\" \/>\n<meta property=\"og:url\" content=\"https:\/\/www.dresden-beratung.de\/toni-grossmann\/\" \/>\n<meta property=\"og:site_name\" content=\"Toni Gro\u00dfmann\" \/>\n<meta property=\"article:publisher\" content=\"https:\/\/de-de.facebook.com\/help4startups\" \/>\n<meta property=\"article:modified_time\" content=\"2026-02-03T10:57:01+00:00\" \/>\n<meta property=\"og:image\" content=\"https:\/\/www.dresden-beratung.de\/wp-content\/uploads\/2016\/06\/Unternehmensberatung-Dresden.jpg\" \/>\n\t<meta property=\"og:image:width\" content=\"935\" \/>\n\t<meta property=\"og:image:height\" content=\"621\" \/>\n\t<meta property=\"og:image:type\" content=\"image\/jpeg\" \/>\n<meta name=\"twitter:card\" content=\"summary_large_image\" \/>\n<meta name=\"twitter:site\" content=\"@sdtogros\" \/>\n<meta name=\"twitter:label1\" content=\"Est. reading time\" \/>\n\t<meta name=\"twitter:data1\" content=\"3 minutes\" \/>\n<script type=\"application\/ld+json\" class=\"yoast-schema-graph\">{\"@context\":\"https:\/\/schema.org\",\"@graph\":[{\"@type\":\"WebPage\",\"@id\":\"https:\/\/www.dresden-beratung.de\/toni-grossmann\/\",\"url\":\"https:\/\/www.dresden-beratung.de\/toni-grossmann\/\",\"name\":\"About me | Toni Gro\u00dfmann\",\"isPartOf\":{\"@id\":\"https:\/\/www.dresden-beratung.de\/#website\"},\"primaryImageOfPage\":{\"@id\":\"https:\/\/www.dresden-beratung.de\/toni-grossmann\/#primaryimage\"},\"image\":{\"@id\":\"https:\/\/www.dresden-beratung.de\/toni-grossmann\/#primaryimage\"},\"thumbnailUrl\":\"https:\/\/www.dresden-beratung.de\/wp-content\/uploads\/2016\/06\/Unternehmensberatung-Dresden.jpg\",\"datePublished\":\"2016-06-20T13:04:08+00:00\",\"dateModified\":\"2026-02-03T10:57:01+00:00\",\"description\":\"{:de}MBA & Dipl.-\u00c3\u2013kon. Toni Gro\u00c3\u0178mann - Unternehmensberater und Existenzgr\u00c3\u00bcnderberatung in und aus Dresden. \u00e2\u02dc\u017d 0351 - 41886876{:}\",\"breadcrumb\":{\"@id\":\"https:\/\/www.dresden-beratung.de\/toni-grossmann\/#breadcrumb\"},\"inLanguage\":\"en-US\",\"potentialAction\":[{\"@type\":\"ReadAction\",\"target\":[\"https:\/\/www.dresden-beratung.de\/toni-grossmann\/\"]}]},{\"@type\":\"ImageObject\",\"inLanguage\":\"en-US\",\"@id\":\"https:\/\/www.dresden-beratung.de\/toni-grossmann\/#primaryimage\",\"url\":\"https:\/\/www.dresden-beratung.de\/wp-content\/uploads\/2016\/06\/Unternehmensberatung-Dresden.jpg\",\"contentUrl\":\"https:\/\/www.dresden-beratung.de\/wp-content\/uploads\/2016\/06\/Unternehmensberatung-Dresden.jpg\"},{\"@type\":\"BreadcrumbList\",\"@id\":\"https:\/\/www.dresden-beratung.de\/toni-grossmann\/#breadcrumb\",\"itemListElement\":[{\"@type\":\"ListItem\",\"position\":1,\"name\":\"Startseite\",\"item\":\"https:\/\/www.dresden-beratung.de\/\"},{\"@type\":\"ListItem\",\"position\":2,\"name\":\"\u00dcber mich\"}]},{\"@type\":\"WebSite\",\"@id\":\"https:\/\/www.dresden-beratung.de\/#website\",\"url\":\"https:\/\/www.dresden-beratung.de\/\",\"name\":\"Toni Gro\u00dfmann\",\"description\":\"Existenzgr\u00fcndungsberatung\",\"potentialAction\":[{\"@type\":\"SearchAction\",\"target\":{\"@type\":\"EntryPoint\",\"urlTemplate\":\"https:\/\/www.dresden-beratung.de\/?s={search_term_string}\"},\"query-input\":{\"@type\":\"PropertyValueSpecification\",\"valueRequired\":true,\"valueName\":\"search_term_string\"}}],\"inLanguage\":\"en-US\"}]}<\/script>\n<!-- \/ Yoast SEO plugin. -->","yoast_head_json":{"title":"About me | Toni Gro\u00dfmann","description":"(Deutsch) MBA & Dipl.-\u00c3\u2013kon. Toni Gro\u00c3\u0178mann - Unternehmensberater und Existenzgr\u00c3\u00bcnderberatung in und aus Dresden. \u00e2\u02dc\u017d 0351 - 41886876","robots":{"index":"index","follow":"follow","max-snippet":"max-snippet:-1","max-image-preview":"max-image-preview:large","max-video-preview":"max-video-preview:-1"},"canonical":"https:\/\/www.dresden-beratung.de\/toni-grossmann\/","og_locale":"en_US","og_type":"article","og_title":"About me | Toni Gro\u00dfmann","og_description":"{:de}MBA & Dipl.-\u00c3\u2013kon. Toni Gro\u00c3\u0178mann - Unternehmensberater und Existenzgr\u00c3\u00bcnderberatung in und aus Dresden. \u00e2\u02dc\u017d 0351 - 41886876{:}","og_url":"https:\/\/www.dresden-beratung.de\/toni-grossmann\/","og_site_name":"Toni Gro\u00dfmann","article_publisher":"https:\/\/de-de.facebook.com\/help4startups","article_modified_time":"2026-02-03T10:57:01+00:00","og_image":[{"width":935,"height":621,"url":"https:\/\/www.dresden-beratung.de\/wp-content\/uploads\/2016\/06\/Unternehmensberatung-Dresden.jpg","type":"image\/jpeg"}],"twitter_card":"summary_large_image","twitter_site":"@sdtogros","twitter_misc":{"Est. reading time":"3 minutes"},"schema":{"@context":"https:\/\/schema.org","@graph":[{"@type":"WebPage","@id":"https:\/\/www.dresden-beratung.de\/toni-grossmann\/","url":"https:\/\/www.dresden-beratung.de\/toni-grossmann\/","name":"About me | Toni Gro\u00dfmann","isPartOf":{"@id":"https:\/\/www.dresden-beratung.de\/#website"},"primaryImageOfPage":{"@id":"https:\/\/www.dresden-beratung.de\/toni-grossmann\/#primaryimage"},"image":{"@id":"https:\/\/www.dresden-beratung.de\/toni-grossmann\/#primaryimage"},"thumbnailUrl":"https:\/\/www.dresden-beratung.de\/wp-content\/uploads\/2016\/06\/Unternehmensberatung-Dresden.jpg","datePublished":"2016-06-20T13:04:08+00:00","dateModified":"2026-02-03T10:57:01+00:00","description":"{:de}MBA & Dipl.-\u00c3\u2013kon. Toni Gro\u00c3\u0178mann - Unternehmensberater und Existenzgr\u00c3\u00bcnderberatung in und aus Dresden. \u00e2\u02dc\u017d 0351 - 41886876{:}","breadcrumb":{"@id":"https:\/\/www.dresden-beratung.de\/toni-grossmann\/#breadcrumb"},"inLanguage":"en-US","potentialAction":[{"@type":"ReadAction","target":["https:\/\/www.dresden-beratung.de\/toni-grossmann\/"]}]},{"@type":"ImageObject","inLanguage":"en-US","@id":"https:\/\/www.dresden-beratung.de\/toni-grossmann\/#primaryimage","url":"https:\/\/www.dresden-beratung.de\/wp-content\/uploads\/2016\/06\/Unternehmensberatung-Dresden.jpg","contentUrl":"https:\/\/www.dresden-beratung.de\/wp-content\/uploads\/2016\/06\/Unternehmensberatung-Dresden.jpg"},{"@type":"BreadcrumbList","@id":"https:\/\/www.dresden-beratung.de\/toni-grossmann\/#breadcrumb","itemListElement":[{"@type":"ListItem","position":1,"name":"Startseite","item":"https:\/\/www.dresden-beratung.de\/"},{"@type":"ListItem","position":2,"name":"\u00dcber mich"}]},{"@type":"WebSite","@id":"https:\/\/www.dresden-beratung.de\/#website","url":"https:\/\/www.dresden-beratung.de\/","name":"Toni Gro\u00dfmann","description":"Existenzgr\u00fcndungsberatung","potentialAction":[{"@type":"SearchAction","target":{"@type":"EntryPoint","urlTemplate":"https:\/\/www.dresden-beratung.de\/?s={search_term_string}"},"query-input":{"@type":"PropertyValueSpecification","valueRequired":true,"valueName":"search_term_string"}}],"inLanguage":"en-US"}]}},"_links":{"self":[{"href":"https:\/\/www.dresden-beratung.de\/en\/wp-json\/wp\/v2\/pages\/433","targetHints":{"allow":["GET"]}}],"collection":[{"href":"https:\/\/www.dresden-beratung.de\/en\/wp-json\/wp\/v2\/pages"}],"about":[{"href":"https:\/\/www.dresden-beratung.de\/en\/wp-json\/wp\/v2\/types\/page"}],"author":[{"embeddable":true,"href":"https:\/\/www.dresden-beratung.de\/en\/wp-json\/wp\/v2\/users\/3"}],"replies":[{"embeddable":true,"href":"https:\/\/www.dresden-beratung.de\/en\/wp-json\/wp\/v2\/comments?post=433"}],"version-history":[{"count":34,"href":"https:\/\/www.dresden-beratung.de\/en\/wp-json\/wp\/v2\/pages\/433\/revisions"}],"predecessor-version":[{"id":1605,"href":"https:\/\/www.dresden-beratung.de\/en\/wp-json\/wp\/v2\/pages\/433\/revisions\/1605"}],"wp:attachment":[{"href":"https:\/\/www.dresden-beratung.de\/en\/wp-json\/wp\/v2\/media?parent=433"}],"curies":[{"name":"wp","href":"https:\/\/api.w.org\/{rel}","templated":true}]}}