{"id":201,"date":"2015-11-20T11:29:53","date_gmt":"2015-11-20T10:29:53","guid":{"rendered":"http:\/\/www.dresden-beratung.de\/?page_id=201"},"modified":"2019-01-16T11:46:39","modified_gmt":"2019-01-16T09:46:39","slug":"businesplan-erstellen-lassen","status":"publish","type":"page","link":"https:\/\/www.dresden-beratung.de\/zh\/businesplan-erstellen-lassen\/","title":{"rendered":"(Deutsch) Businessplan erstellen lassen"},"content":{"rendered":"<p class=\"qtranxs-available-languages-message qtranxs-available-languages-message-zh\">\u5bf9\u4e0d\u8d77\uff0c\u6b64\u5185\u5bb9\u53ea\u9002\u7528\u4e8e<a href=\"https:\/\/www.dresden-beratung.de\/de\/wp-json\/wp\/v2\/pages\/201\" class=\"qtranxs-available-language-link qtranxs-available-language-link-de\" title=\"Deutsch\">Deutsch<\/a>\u548c<a href=\"https:\/\/www.dresden-beratung.de\/en\/wp-json\/wp\/v2\/pages\/201\" class=\"qtranxs-available-language-link qtranxs-available-language-link-en\" title=\"English\">English<\/a>\u3002<\/p>","protected":false},"excerpt":{"rendered":"<p>\u5bf9\u4e0d\u8d77\uff0c\u6b64\u5185\u5bb9\u53ea\u9002\u7528\u4e8eDeutsch\u548cEnglish\u3002<\/p>\n","protected":false},"author":3,"featured_media":1207,"parent":0,"menu_order":0,"comment_status":"closed","ping_status":"closed","template":"","meta":{"footnotes":""},"class_list":["post-201","page","type-page","status-publish","has-post-thumbnail","hentry"],"yoast_head":"<!-- This site is optimized with the Yoast SEO plugin v26.9 - https:\/\/yoast.com\/product\/yoast-seo-wordpress\/ -->\n<title>(Deutsch) Businessplan erstellen lassen? Hier bekommen Sie Hilfe!<\/title>\n<meta name=\"description\" content=\"Erstellen eines Businessplans mit professioneller Hilfe eines Unternehmensberaters. Toni Gro\u00c3\u0178mann - beratender Betriebswirt aus Dresden\" \/>\n<meta name=\"robots\" content=\"index, follow, max-snippet:-1, max-image-preview:large, max-video-preview:-1\" \/>\n<link rel=\"canonical\" href=\"https:\/\/www.dresden-beratung.de\/businesplan-erstellen-lassen\/\" \/>\n<meta property=\"og:locale\" content=\"zh_CN\" \/>\n<meta property=\"og:type\" content=\"article\" \/>\n<meta property=\"og:title\" content=\"[:de]Businessplan erstellen lassen? Hier bekommen Sie Hilfe![:]\" \/>\n<meta property=\"og:description\" content=\"Erstellen eines Businessplan mit professioneller Hilfe eines Unternehmensberaters. \u00e2\u02dc\u017d 0351\/41886876 Lassen Sie sich staatlich gef\u00c3\u00b6rdert vom Profi beraten.\" \/>\n<meta property=\"og:url\" content=\"https:\/\/www.dresden-beratung.de\/businesplan-erstellen-lassen\/\" \/>\n<meta property=\"og:site_name\" content=\"Toni Gro\u00dfmann\" \/>\n<meta property=\"article:publisher\" content=\"https:\/\/de-de.facebook.com\/help4startups\" \/>\n<meta property=\"article:modified_time\" content=\"2019-01-16T09:46:39+00:00\" \/>\n<meta property=\"og:image\" content=\"https:\/\/www.dresden-beratung.de\/wp-content\/uploads\/2016\/06\/Spa\u00c3\u0178mitXinyu.jpg\" \/>\n\t<meta property=\"og:image:width\" content=\"1\" \/>\n\t<meta property=\"og:image:height\" content=\"1\" \/>\n\t<meta property=\"og:image:type\" content=\"image\/jpeg\" \/>\n<meta name=\"twitter:card\" content=\"summary_large_image\" \/>\n<meta name=\"twitter:site\" content=\"@sdtogros\" \/>\n<meta name=\"twitter:label1\" content=\"\u9884\u8ba1\u9605\u8bfb\u65f6\u95f4\" \/>\n\t<meta name=\"twitter:data1\" content=\"9 \u5206\" \/>\n<script type=\"application\/ld+json\" class=\"yoast-schema-graph\">{\"@context\":\"https:\/\/schema.org\",\"@graph\":[{\"@type\":\"WebPage\",\"@id\":\"https:\/\/www.dresden-beratung.de\/businesplan-erstellen-lassen\/\",\"url\":\"https:\/\/www.dresden-beratung.de\/businesplan-erstellen-lassen\/\",\"name\":\"[:de]Businessplan erstellen lassen? Hier bekommen Sie Hilfe![:]\",\"isPartOf\":{\"@id\":\"https:\/\/www.dresden-beratung.de\/#website\"},\"primaryImageOfPage\":{\"@id\":\"https:\/\/www.dresden-beratung.de\/businesplan-erstellen-lassen\/#primaryimage\"},\"image\":{\"@id\":\"https:\/\/www.dresden-beratung.de\/businesplan-erstellen-lassen\/#primaryimage\"},\"thumbnailUrl\":\"https:\/\/www.dresden-beratung.de\/wp-content\/uploads\/2016\/06\/Spa\u00c3\u0178mitXinyu.jpg\",\"datePublished\":\"2015-11-20T10:29:53+00:00\",\"dateModified\":\"2019-01-16T09:46:39+00:00\",\"description\":\"{:de}Erstellen eines Businessplan mit professioneller Hilfe eines Unternehmensberaters. \u00e2\u02dc\u017d 0351\/41886876 Lassen Sie sich staatlich gef\u00c3\u00b6rdert vom Profi beraten.{:en}Erstellen eines Businessplans mit professioneller Hilfe eines Unternehmensberaters. Toni Gro\u00c3\u0178mann - beratender Betriebswirt aus Dresden{:zh}Erstellen eines Businessplans mit professioneller Hilfe eines Unternehmensberaters. Toni Gro\u00c3\u0178mann - beratender Betriebswirt aus Dresden{:}\",\"breadcrumb\":{\"@id\":\"https:\/\/www.dresden-beratung.de\/businesplan-erstellen-lassen\/#breadcrumb\"},\"inLanguage\":\"zh-Hans\",\"potentialAction\":[{\"@type\":\"ReadAction\",\"target\":[\"https:\/\/www.dresden-beratung.de\/businesplan-erstellen-lassen\/\"]}]},{\"@type\":\"ImageObject\",\"inLanguage\":\"zh-Hans\",\"@id\":\"https:\/\/www.dresden-beratung.de\/businesplan-erstellen-lassen\/#primaryimage\",\"url\":\"https:\/\/www.dresden-beratung.de\/wp-content\/uploads\/2016\/06\/Spa\u00c3\u0178mitXinyu.jpg\",\"contentUrl\":\"https:\/\/www.dresden-beratung.de\/wp-content\/uploads\/2016\/06\/Spa\u00c3\u0178mitXinyu.jpg\",\"caption\":\"Existenzgr\u00c3\u00bcndung, Selbstst\u00c3\u00a4ndigkeit und Unternehmensgr\u00c3\u00bcndung: Gemeinsam schaffen wir das!\"},{\"@type\":\"BreadcrumbList\",\"@id\":\"https:\/\/www.dresden-beratung.de\/businesplan-erstellen-lassen\/#breadcrumb\",\"itemListElement\":[{\"@type\":\"ListItem\",\"position\":1,\"name\":\"Startseite\",\"item\":\"https:\/\/www.dresden-beratung.de\/\"},{\"@type\":\"ListItem\",\"position\":2,\"name\":\"Businessplan erstellen lassen\"}]},{\"@type\":\"WebSite\",\"@id\":\"https:\/\/www.dresden-beratung.de\/#website\",\"url\":\"https:\/\/www.dresden-beratung.de\/\",\"name\":\"Toni Gro\u00dfmann\",\"description\":\"Existenzgr\u00fcndungsberatung\",\"potentialAction\":[{\"@type\":\"SearchAction\",\"target\":{\"@type\":\"EntryPoint\",\"urlTemplate\":\"https:\/\/www.dresden-beratung.de\/?s={search_term_string}\"},\"query-input\":{\"@type\":\"PropertyValueSpecification\",\"valueRequired\":true,\"valueName\":\"search_term_string\"}}],\"inLanguage\":\"zh-Hans\"}]}<\/script>\n<!-- \/ Yoast SEO plugin. -->","yoast_head_json":{"title":"(Deutsch) Businessplan erstellen lassen? Hier bekommen Sie Hilfe!","description":"Erstellen eines Businessplans mit professioneller Hilfe eines Unternehmensberaters. Toni Gro\u00c3\u0178mann - beratender Betriebswirt aus Dresden","robots":{"index":"index","follow":"follow","max-snippet":"max-snippet:-1","max-image-preview":"max-image-preview:large","max-video-preview":"max-video-preview:-1"},"canonical":"https:\/\/www.dresden-beratung.de\/businesplan-erstellen-lassen\/","og_locale":"zh_CN","og_type":"article","og_title":"[:de]Businessplan erstellen lassen? Hier bekommen Sie Hilfe![:]","og_description":"Erstellen eines Businessplan mit professioneller Hilfe eines Unternehmensberaters. \u00e2\u02dc\u017d 0351\/41886876 Lassen Sie sich staatlich gef\u00c3\u00b6rdert vom Profi beraten.","og_url":"https:\/\/www.dresden-beratung.de\/businesplan-erstellen-lassen\/","og_site_name":"Toni Gro\u00dfmann","article_publisher":"https:\/\/de-de.facebook.com\/help4startups","article_modified_time":"2019-01-16T09:46:39+00:00","og_image":[{"url":"https:\/\/www.dresden-beratung.de\/wp-content\/uploads\/2016\/06\/Spa\u00c3\u0178mitXinyu.jpg","width":1,"height":1,"type":"image\/jpeg"}],"twitter_card":"summary_large_image","twitter_site":"@sdtogros","twitter_misc":{"\u9884\u8ba1\u9605\u8bfb\u65f6\u95f4":"9 \u5206"},"schema":{"@context":"https:\/\/schema.org","@graph":[{"@type":"WebPage","@id":"https:\/\/www.dresden-beratung.de\/businesplan-erstellen-lassen\/","url":"https:\/\/www.dresden-beratung.de\/businesplan-erstellen-lassen\/","name":"[:de]Businessplan erstellen lassen? Hier bekommen Sie Hilfe![:]","isPartOf":{"@id":"https:\/\/www.dresden-beratung.de\/#website"},"primaryImageOfPage":{"@id":"https:\/\/www.dresden-beratung.de\/businesplan-erstellen-lassen\/#primaryimage"},"image":{"@id":"https:\/\/www.dresden-beratung.de\/businesplan-erstellen-lassen\/#primaryimage"},"thumbnailUrl":"https:\/\/www.dresden-beratung.de\/wp-content\/uploads\/2016\/06\/Spa\u00c3\u0178mitXinyu.jpg","datePublished":"2015-11-20T10:29:53+00:00","dateModified":"2019-01-16T09:46:39+00:00","description":"{:de}Erstellen eines Businessplan mit professioneller Hilfe eines Unternehmensberaters. \u00e2\u02dc\u017d 0351\/41886876 Lassen Sie sich staatlich gef\u00c3\u00b6rdert vom Profi beraten.{:en}Erstellen eines Businessplans mit professioneller Hilfe eines Unternehmensberaters. Toni Gro\u00c3\u0178mann - beratender Betriebswirt aus Dresden{:zh}Erstellen eines Businessplans mit professioneller Hilfe eines Unternehmensberaters. Toni Gro\u00c3\u0178mann - beratender Betriebswirt aus Dresden{:}","breadcrumb":{"@id":"https:\/\/www.dresden-beratung.de\/businesplan-erstellen-lassen\/#breadcrumb"},"inLanguage":"zh-Hans","potentialAction":[{"@type":"ReadAction","target":["https:\/\/www.dresden-beratung.de\/businesplan-erstellen-lassen\/"]}]},{"@type":"ImageObject","inLanguage":"zh-Hans","@id":"https:\/\/www.dresden-beratung.de\/businesplan-erstellen-lassen\/#primaryimage","url":"https:\/\/www.dresden-beratung.de\/wp-content\/uploads\/2016\/06\/Spa\u00c3\u0178mitXinyu.jpg","contentUrl":"https:\/\/www.dresden-beratung.de\/wp-content\/uploads\/2016\/06\/Spa\u00c3\u0178mitXinyu.jpg","caption":"Existenzgr\u00c3\u00bcndung, Selbstst\u00c3\u00a4ndigkeit und Unternehmensgr\u00c3\u00bcndung: Gemeinsam schaffen wir das!"},{"@type":"BreadcrumbList","@id":"https:\/\/www.dresden-beratung.de\/businesplan-erstellen-lassen\/#breadcrumb","itemListElement":[{"@type":"ListItem","position":1,"name":"Startseite","item":"https:\/\/www.dresden-beratung.de\/"},{"@type":"ListItem","position":2,"name":"Businessplan erstellen lassen"}]},{"@type":"WebSite","@id":"https:\/\/www.dresden-beratung.de\/#website","url":"https:\/\/www.dresden-beratung.de\/","name":"Toni Gro\u00dfmann","description":"Existenzgr\u00fcndungsberatung","potentialAction":[{"@type":"SearchAction","target":{"@type":"EntryPoint","urlTemplate":"https:\/\/www.dresden-beratung.de\/?s={search_term_string}"},"query-input":{"@type":"PropertyValueSpecification","valueRequired":true,"valueName":"search_term_string"}}],"inLanguage":"zh-Hans"}]}},"_links":{"self":[{"href":"https:\/\/www.dresden-beratung.de\/zh\/wp-json\/wp\/v2\/pages\/201","targetHints":{"allow":["GET"]}}],"collection":[{"href":"https:\/\/www.dresden-beratung.de\/zh\/wp-json\/wp\/v2\/pages"}],"about":[{"href":"https:\/\/www.dresden-beratung.de\/zh\/wp-json\/wp\/v2\/types\/page"}],"author":[{"embeddable":true,"href":"https:\/\/www.dresden-beratung.de\/zh\/wp-json\/wp\/v2\/users\/3"}],"replies":[{"embeddable":true,"href":"https:\/\/www.dresden-beratung.de\/zh\/wp-json\/wp\/v2\/comments?post=201"}],"version-history":[{"count":36,"href":"https:\/\/www.dresden-beratung.de\/zh\/wp-json\/wp\/v2\/pages\/201\/revisions"}],"predecessor-version":[{"id":1534,"href":"https:\/\/www.dresden-beratung.de\/zh\/wp-json\/wp\/v2\/pages\/201\/revisions\/1534"}],"wp:featuredmedia":[{"embeddable":true,"href":"https:\/\/www.dresden-beratung.de\/zh\/wp-json\/wp\/v2\/media\/1207"}],"wp:attachment":[{"href":"https:\/\/www.dresden-beratung.de\/zh\/wp-json\/wp\/v2\/media?parent=201"}],"curies":[{"name":"wp","href":"https:\/\/api.w.org\/{rel}","templated":true}]}}