{"id":262,"date":"2016-01-26T12:48:03","date_gmt":"2016-01-26T11:48:03","guid":{"rendered":"http:\/\/www.dresden-beratung.de\/?page_id=262"},"modified":"2019-01-16T12:03:45","modified_gmt":"2019-01-16T10:03:45","slug":"unternehmensnachfolge","status":"publish","type":"page","link":"https:\/\/www.dresden-beratung.de\/zh\/unternehmensnachfolge\/","title":{"rendered":"(Deutsch) Unternehmensnachfolge"},"content":{"rendered":"<p class=\"qtranxs-available-languages-message qtranxs-available-languages-message-zh\">\u5bf9\u4e0d\u8d77\uff0c\u6b64\u5185\u5bb9\u53ea\u9002\u7528\u4e8e<a href=\"https:\/\/www.dresden-beratung.de\/de\/wp-json\/wp\/v2\/pages\/262\" class=\"qtranxs-available-language-link qtranxs-available-language-link-de\" title=\"Deutsch\">Deutsch<\/a>\u548c<a href=\"https:\/\/www.dresden-beratung.de\/en\/wp-json\/wp\/v2\/pages\/262\" class=\"qtranxs-available-language-link qtranxs-available-language-link-en\" title=\"English\">English<\/a>\u3002<\/p>","protected":false},"excerpt":{"rendered":"<p>\u5bf9\u4e0d\u8d77\uff0c\u6b64\u5185\u5bb9\u53ea\u9002\u7528\u4e8eDeutsch\u548cEnglish\u3002<\/p>\n","protected":false},"author":3,"featured_media":0,"parent":0,"menu_order":0,"comment_status":"closed","ping_status":"closed","template":"","meta":{"footnotes":""},"class_list":["post-262","page","type-page","status-publish","hentry"],"yoast_head":"<!-- This site is optimized with the Yoast SEO plugin v26.9 - https:\/\/yoast.com\/product\/yoast-seo-wordpress\/ -->\n<title>(Deutsch) Unternehmensnachfolge | Toni Gro\u00dfmann<\/title>\n<meta name=\"description\" content=\"Unternehmensnachfolge rechtzeitig professionell organisieren lassen. Richtiger K\u00c3\u00a4ufe, richtiger Preis, richtiger Zeitpunkt.\" \/>\n<meta name=\"robots\" content=\"index, follow, max-snippet:-1, max-image-preview:large, max-video-preview:-1\" \/>\n<link rel=\"canonical\" href=\"https:\/\/www.dresden-beratung.de\/en\/unternehmensnachfolge\/\" \/>\n<meta property=\"og:locale\" content=\"zh_CN\" \/>\n<meta property=\"og:type\" content=\"article\" \/>\n<meta property=\"og:title\" content=\"(Deutsch) Unternehmensnachfolge | Toni Gro\u00dfmann\" \/>\n<meta property=\"og:description\" content=\"Unternehmensnachfolge rechtzeitig professionell organisieren lassen. Richtiger K\u00c3\u00a4ufe, richtiger Preis, richtiger Zeitpunkt. \u00e2\u017e\u0153 Mehr unter \u00e2\u02dc\u017d 0351\/41886876\" \/>\n<meta property=\"og:url\" content=\"https:\/\/www.dresden-beratung.de\/en\/unternehmensnachfolge\/\" \/>\n<meta property=\"og:site_name\" content=\"Toni Gro\u00dfmann\" \/>\n<meta property=\"article:publisher\" content=\"https:\/\/de-de.facebook.com\/help4startups\" \/>\n<meta property=\"article:modified_time\" content=\"2019-01-16T10:03:45+00:00\" \/>\n<meta property=\"og:image\" content=\"https:\/\/www.dresden-beratung.de\/wp-content\/uploads\/2015\/01\/profil.jpg\" \/>\n\t<meta property=\"og:image:width\" content=\"439\" \/>\n\t<meta property=\"og:image:height\" content=\"306\" \/>\n\t<meta property=\"og:image:type\" content=\"image\/jpeg\" \/>\n<meta name=\"twitter:card\" content=\"summary_large_image\" \/>\n<meta name=\"twitter:site\" content=\"@sdtogros\" \/>\n<meta name=\"twitter:label1\" content=\"\u9884\u8ba1\u9605\u8bfb\u65f6\u95f4\" \/>\n\t<meta name=\"twitter:data1\" content=\"7 \u5206\" \/>\n<script type=\"application\/ld+json\" class=\"yoast-schema-graph\">{\"@context\":\"https:\/\/schema.org\",\"@graph\":[{\"@type\":\"WebPage\",\"@id\":\"https:\/\/www.dresden-beratung.de\/en\/unternehmensnachfolge\/\",\"url\":\"https:\/\/www.dresden-beratung.de\/en\/unternehmensnachfolge\/\",\"name\":\"(Deutsch) Unternehmensnachfolge | Toni Gro\u00dfmann\",\"isPartOf\":{\"@id\":\"https:\/\/www.dresden-beratung.de\/#website\"},\"primaryImageOfPage\":{\"@id\":\"https:\/\/www.dresden-beratung.de\/en\/unternehmensnachfolge\/#primaryimage\"},\"image\":{\"@id\":\"https:\/\/www.dresden-beratung.de\/en\/unternehmensnachfolge\/#primaryimage\"},\"thumbnailUrl\":\"http:\/\/www.dresden-beratung.de\/wp-content\/uploads\/2015\/01\/profil-300x209.jpg\",\"datePublished\":\"2016-01-26T11:48:03+00:00\",\"dateModified\":\"2019-01-16T10:03:45+00:00\",\"description\":\"Unternehmensnachfolge rechtzeitig professionell organisieren lassen. Richtiger K\u00c3\u00a4ufe, richtiger Preis, richtiger Zeitpunkt.\",\"breadcrumb\":{\"@id\":\"https:\/\/www.dresden-beratung.de\/en\/unternehmensnachfolge\/#breadcrumb\"},\"inLanguage\":\"zh-Hans\",\"potentialAction\":[{\"@type\":\"ReadAction\",\"target\":[\"https:\/\/www.dresden-beratung.de\/en\/unternehmensnachfolge\/\"]}]},{\"@type\":\"ImageObject\",\"inLanguage\":\"zh-Hans\",\"@id\":\"https:\/\/www.dresden-beratung.de\/en\/unternehmensnachfolge\/#primaryimage\",\"url\":\"http:\/\/www.dresden-beratung.de\/wp-content\/uploads\/2015\/01\/profil-300x209.jpg\",\"contentUrl\":\"http:\/\/www.dresden-beratung.de\/wp-content\/uploads\/2015\/01\/profil-300x209.jpg\"},{\"@type\":\"BreadcrumbList\",\"@id\":\"https:\/\/www.dresden-beratung.de\/en\/unternehmensnachfolge\/#breadcrumb\",\"itemListElement\":[{\"@type\":\"ListItem\",\"position\":1,\"name\":\"Startseite\",\"item\":\"https:\/\/www.dresden-beratung.de\/\"},{\"@type\":\"ListItem\",\"position\":2,\"name\":\"Business Succession\"}]},{\"@type\":\"WebSite\",\"@id\":\"https:\/\/www.dresden-beratung.de\/#website\",\"url\":\"https:\/\/www.dresden-beratung.de\/\",\"name\":\"Toni Gro\u00dfmann\",\"description\":\"Existenzgr\u00fcndungsberatung\",\"potentialAction\":[{\"@type\":\"SearchAction\",\"target\":{\"@type\":\"EntryPoint\",\"urlTemplate\":\"https:\/\/www.dresden-beratung.de\/?s={search_term_string}\"},\"query-input\":{\"@type\":\"PropertyValueSpecification\",\"valueRequired\":true,\"valueName\":\"search_term_string\"}}],\"inLanguage\":\"zh-Hans\"}]}<\/script>\n<!-- \/ Yoast SEO plugin. -->","yoast_head_json":{"title":"(Deutsch) Unternehmensnachfolge | Toni Gro\u00dfmann","description":"Unternehmensnachfolge rechtzeitig professionell organisieren lassen. Richtiger K\u00c3\u00a4ufe, richtiger Preis, richtiger Zeitpunkt.","robots":{"index":"index","follow":"follow","max-snippet":"max-snippet:-1","max-image-preview":"max-image-preview:large","max-video-preview":"max-video-preview:-1"},"canonical":"https:\/\/www.dresden-beratung.de\/en\/unternehmensnachfolge\/","og_locale":"zh_CN","og_type":"article","og_title":"(Deutsch) Unternehmensnachfolge | Toni Gro\u00dfmann","og_description":"Unternehmensnachfolge rechtzeitig professionell organisieren lassen. Richtiger K\u00c3\u00a4ufe, richtiger Preis, richtiger Zeitpunkt. \u00e2\u017e\u0153 Mehr unter \u00e2\u02dc\u017d 0351\/41886876","og_url":"https:\/\/www.dresden-beratung.de\/en\/unternehmensnachfolge\/","og_site_name":"Toni Gro\u00dfmann","article_publisher":"https:\/\/de-de.facebook.com\/help4startups","article_modified_time":"2019-01-16T10:03:45+00:00","og_image":[{"width":439,"height":306,"url":"https:\/\/www.dresden-beratung.de\/wp-content\/uploads\/2015\/01\/profil.jpg","type":"image\/jpeg"}],"twitter_card":"summary_large_image","twitter_site":"@sdtogros","twitter_misc":{"\u9884\u8ba1\u9605\u8bfb\u65f6\u95f4":"7 \u5206"},"schema":{"@context":"https:\/\/schema.org","@graph":[{"@type":"WebPage","@id":"https:\/\/www.dresden-beratung.de\/en\/unternehmensnachfolge\/","url":"https:\/\/www.dresden-beratung.de\/en\/unternehmensnachfolge\/","name":"(Deutsch) Unternehmensnachfolge | Toni Gro\u00dfmann","isPartOf":{"@id":"https:\/\/www.dresden-beratung.de\/#website"},"primaryImageOfPage":{"@id":"https:\/\/www.dresden-beratung.de\/en\/unternehmensnachfolge\/#primaryimage"},"image":{"@id":"https:\/\/www.dresden-beratung.de\/en\/unternehmensnachfolge\/#primaryimage"},"thumbnailUrl":"http:\/\/www.dresden-beratung.de\/wp-content\/uploads\/2015\/01\/profil-300x209.jpg","datePublished":"2016-01-26T11:48:03+00:00","dateModified":"2019-01-16T10:03:45+00:00","description":"Unternehmensnachfolge rechtzeitig professionell organisieren lassen. Richtiger K\u00c3\u00a4ufe, richtiger Preis, richtiger Zeitpunkt.","breadcrumb":{"@id":"https:\/\/www.dresden-beratung.de\/en\/unternehmensnachfolge\/#breadcrumb"},"inLanguage":"zh-Hans","potentialAction":[{"@type":"ReadAction","target":["https:\/\/www.dresden-beratung.de\/en\/unternehmensnachfolge\/"]}]},{"@type":"ImageObject","inLanguage":"zh-Hans","@id":"https:\/\/www.dresden-beratung.de\/en\/unternehmensnachfolge\/#primaryimage","url":"http:\/\/www.dresden-beratung.de\/wp-content\/uploads\/2015\/01\/profil-300x209.jpg","contentUrl":"http:\/\/www.dresden-beratung.de\/wp-content\/uploads\/2015\/01\/profil-300x209.jpg"},{"@type":"BreadcrumbList","@id":"https:\/\/www.dresden-beratung.de\/en\/unternehmensnachfolge\/#breadcrumb","itemListElement":[{"@type":"ListItem","position":1,"name":"Startseite","item":"https:\/\/www.dresden-beratung.de\/"},{"@type":"ListItem","position":2,"name":"Business Succession"}]},{"@type":"WebSite","@id":"https:\/\/www.dresden-beratung.de\/#website","url":"https:\/\/www.dresden-beratung.de\/","name":"Toni Gro\u00dfmann","description":"Existenzgr\u00fcndungsberatung","potentialAction":[{"@type":"SearchAction","target":{"@type":"EntryPoint","urlTemplate":"https:\/\/www.dresden-beratung.de\/?s={search_term_string}"},"query-input":{"@type":"PropertyValueSpecification","valueRequired":true,"valueName":"search_term_string"}}],"inLanguage":"zh-Hans"}]}},"_links":{"self":[{"href":"https:\/\/www.dresden-beratung.de\/zh\/wp-json\/wp\/v2\/pages\/262","targetHints":{"allow":["GET"]}}],"collection":[{"href":"https:\/\/www.dresden-beratung.de\/zh\/wp-json\/wp\/v2\/pages"}],"about":[{"href":"https:\/\/www.dresden-beratung.de\/zh\/wp-json\/wp\/v2\/types\/page"}],"author":[{"embeddable":true,"href":"https:\/\/www.dresden-beratung.de\/zh\/wp-json\/wp\/v2\/users\/3"}],"replies":[{"embeddable":true,"href":"https:\/\/www.dresden-beratung.de\/zh\/wp-json\/wp\/v2\/comments?post=262"}],"version-history":[{"count":11,"href":"https:\/\/www.dresden-beratung.de\/zh\/wp-json\/wp\/v2\/pages\/262\/revisions"}],"predecessor-version":[{"id":1540,"href":"https:\/\/www.dresden-beratung.de\/zh\/wp-json\/wp\/v2\/pages\/262\/revisions\/1540"}],"wp:attachment":[{"href":"https:\/\/www.dresden-beratung.de\/zh\/wp-json\/wp\/v2\/media?parent=262"}],"curies":[{"name":"wp","href":"https:\/\/api.w.org\/{rel}","templated":true}]}}